{"id":8,"date":"2011-12-18T14:54:10","date_gmt":"2011-12-18T13:54:10","guid":{"rendered":"http:\/\/heimatverein-wehrstedt.de\/wp\/?page_id=8"},"modified":"2011-12-18T15:41:56","modified_gmt":"2011-12-18T14:41:56","slug":"die-laienspielgruppe","status":"publish","type":"page","link":"http:\/\/heimatverein-wehrstedt.de\/wp\/?page_id=8","title":{"rendered":"Laienspielgruppe"},"content":{"rendered":"<p><img decoding=\"async\" alt=\"\" src=\"http:\/\/heimatverein-wehrstedt.de\/pics\/laien2005.jpg\"> <\/p>\n<p>Die Laienspielgruppe in 2005 <\/p>\n<p><img loading=\"lazy\" decoding=\"async\" style=\"margin: 0px 4px 0px 0px; display: inline; float: left\" alt=\"\" align=\"left\" src=\"http:\/\/heimatverein-wehrstedt.de\/pics\/theaterjpg.jpg\" width=\"94\" height=\"104\">Anl\u00e4\u00dflich der 850 Jahrfeier in Wehrstedt fanden sich 7 Akteure zusammen und studierten unter der Leitung von Heinz Hofmann ein lustiges Theaterst\u00fcck ein. Es bereitete uns allen riesigen Spass und viel Freude und so fasten wir sieben Schauspieler den Entschlu\u00df: <small><br \/><\/small>&#8222;Wir machen weiter&#8220;. Jedes Jahr sollte es eine Auff\u00fchrung in Wehrstedt geben. Somit war die Laienspielgruppe Wehrstedt geboren, die noch heute ein ganz wichtiger Bestandteil des Heimatvereins Wehrstedt ist. Wer h\u00e4tte damals ahnen k\u00f6nnen was sich daraus entwickeln w\u00fcrde. <small><br \/><\/small>Aus den sieben Darstellern, (3 Personen sind noch heute dabei, ) ist eine Gruppe von ca. 30 Mitgliedern geworden. 12 &#8211; 15 Mitglieder als Schauspieler auf der B\u00fchne, die anderen als st\u00e4ndige Helfer hinter den Kulissen. <small><br \/><\/small>26 Theaterst\u00fccke, 12 M\u00e4rchenauff\u00fchrungen und weit \u00fcber 200 Auftritte bei Feiern, Festen und Veranstaltungen sprechen f\u00fcr sich. Zuschauer aus dem gesamten Umkreis besuchen die Auff\u00fchrungen und halten uns seit vielen Jahren die Treue. <small><br \/><\/small> <\/p>\n<p>Auch hinter den Kulissen hat sich einiges ge\u00e4ndert. Aus der alten Kulisse, damals einfache Pappkartons, sind feste Stellw\u00e4nde geworden, die B\u00fchne ist fest installiert, Ger\u00e4usche und Musik kommen aus einer guten Musikanlage, Nebelmaschine und bunte Lampen und Scheinwerfer sorgen besonders bei den M\u00e4rchenauff\u00fchrungen f\u00fcr tolle Effekte und unser Bestand an Kost\u00fcmen und Requisiten w\u00e4chst st\u00e4ndig an.<\/p>\n","protected":false},"excerpt":{"rendered":"<p>Die Laienspielgruppe in 2005 Anl\u00e4\u00dflich der 850 Jahrfeier in Wehrstedt fanden sich 7 Akteure zusammen und studierten unter der Leitung von Heinz Hofmann ein lustiges Theaterst\u00fcck ein. Es bereitete uns allen riesigen Spass und viel Freude und so fasten wir sieben Schauspieler den Entschlu\u00df: &#8222;Wir machen weiter&#8220;. Jedes Jahr sollte es eine Auff\u00fchrung in Wehrstedt &hellip; <a href=\"http:\/\/heimatverein-wehrstedt.de\/wp\/?page_id=8\" class=\"more-link\"><span class=\"screen-reader-text\">Laienspielgruppe<\/span> weiterlesen <span class=\"meta-nav\">&rarr;<\/span><\/a><\/p>\n","protected":false},"author":1,"featured_media":0,"parent":29,"menu_order":1,"comment_status":"closed","ping_status":"closed","template":"","meta":{"footnotes":""},"class_list":["post-8","page","type-page","status-publish","hentry"],"_links":{"self":[{"href":"http:\/\/heimatverein-wehrstedt.de\/wp\/index.php?rest_route=\/wp\/v2\/pages\/8","targetHints":{"allow":["GET"]}}],"collection":[{"href":"http:\/\/heimatverein-wehrstedt.de\/wp\/index.php?rest_route=\/wp\/v2\/pages"}],"about":[{"href":"http:\/\/heimatverein-wehrstedt.de\/wp\/index.php?rest_route=\/wp\/v2\/types\/page"}],"author":[{"embeddable":true,"href":"http:\/\/heimatverein-wehrstedt.de\/wp\/index.php?rest_route=\/wp\/v2\/users\/1"}],"replies":[{"embeddable":true,"href":"http:\/\/heimatverein-wehrstedt.de\/wp\/index.php?rest_route=%2Fwp%2Fv2%2Fcomments&post=8"}],"version-history":[{"count":2,"href":"http:\/\/heimatverein-wehrstedt.de\/wp\/index.php?rest_route=\/wp\/v2\/pages\/8\/revisions"}],"predecessor-version":[{"id":31,"href":"http:\/\/heimatverein-wehrstedt.de\/wp\/index.php?rest_route=\/wp\/v2\/pages\/8\/revisions\/31"}],"up":[{"embeddable":true,"href":"http:\/\/heimatverein-wehrstedt.de\/wp\/index.php?rest_route=\/wp\/v2\/pages\/29"}],"wp:attachment":[{"href":"http:\/\/heimatverein-wehrstedt.de\/wp\/index.php?rest_route=%2Fwp%2Fv2%2Fmedia&parent=8"}],"curies":[{"name":"wp","href":"https:\/\/api.w.org\/{rel}","templated":true}]}}