{"id":17,"date":"2011-12-18T15:19:51","date_gmt":"2011-12-18T14:19:51","guid":{"rendered":"http:\/\/heimatverein-wehrstedt.de\/wp\/?page_id=17"},"modified":"2011-12-18T15:42:11","modified_gmt":"2011-12-18T14:42:11","slug":"jugendlaienspielgruppe","status":"publish","type":"page","link":"http:\/\/heimatverein-wehrstedt.de\/wp\/?page_id=17","title":{"rendered":"Jugendlaienspielgruppe"},"content":{"rendered":"<p><img decoding=\"async\" alt=\"\" src=\"http:\/\/heimatverein-wehrstedt.de\/pics\/jlg.jpg\"> <\/p>\n<p align=\"justify\"><img loading=\"lazy\" decoding=\"async\" style=\"margin: 0px 5px 0px 0px; display: inline; float: left\" alt=\"\" align=\"left\" src=\"http:\/\/heimatverein-wehrstedt.de\/pics\/theaterjpg.jpg\" width=\"79\" height=\"87\">Die Jugendlaienspielgruppe des Heimatvereins Wehrstedt besteht seit 1982.<br \/>Zurzeit geh\u00f6ren ihr 18 Kinder und Jugendliche zwischen 9 und 16 Jahren an. Davon sind 14 M\u00e4dchen und 4 Jungen.Wir \u00fcben jeden Montag von 18:30 Uhr bis 19:30 Uhr in unserem Proberaum im Wehrstedter Dorfgemeinschaftshaus.<br \/>Im Laufe der Jahre haben wir schon einige St\u00fccke einstudiert und etliche Auff\u00fchrungen verschiedener Art gehabt:<br \/> Wir sind in den letzten Jahren bei den Wehrstedter Dorffesten, beim Bergmannsverein und auf dem Schulfest der Sothenbergschule dabei gewesen und jedes Jahr in der Adventszeit zeigen wir unser K\u00f6nnen bei den Adventsfeiern der Ortsr\u00e4te Wehrstedt und<br \/>Bad Salzdetfurth.<br \/>Mit der Erwachsenengruppe proben wir alle zwei Jahre f\u00fcr die Auff\u00fchrungen des Weihnachtsm\u00e4rchens.<br \/>Beide Gruppen kommen auch jedes Jahr zu einem bunten Nachmittag, Ausflug und der Jahresabschlussfeier zusammen. Hierbei haben wir immer viel Spa\u00df und k\u00f6nnen auch dort das Ergebnis unserer Proben zeigen. Wenn jemand aus der Gruppe eine Feier hat, sind wir selbstverst\u00e4ndlich dabei und haben als Geschenk eine kleine Darbietung dabei.<\/p>\n","protected":false},"excerpt":{"rendered":"<p>Die Jugendlaienspielgruppe des Heimatvereins Wehrstedt besteht seit 1982.Zurzeit geh\u00f6ren ihr 18 Kinder und Jugendliche zwischen 9 und 16 Jahren an. Davon sind 14 M\u00e4dchen und 4 Jungen.Wir \u00fcben jeden Montag von 18:30 Uhr bis 19:30 Uhr in unserem Proberaum im Wehrstedter Dorfgemeinschaftshaus.Im Laufe der Jahre haben wir schon einige St\u00fccke einstudiert und etliche Auff\u00fchrungen verschiedener &hellip; <a href=\"http:\/\/heimatverein-wehrstedt.de\/wp\/?page_id=17\" class=\"more-link\"><span class=\"screen-reader-text\">Jugendlaienspielgruppe<\/span> weiterlesen <span class=\"meta-nav\">&rarr;<\/span><\/a><\/p>\n","protected":false},"author":1,"featured_media":0,"parent":29,"menu_order":2,"comment_status":"closed","ping_status":"closed","template":"","meta":{"footnotes":""},"class_list":["post-17","page","type-page","status-publish","hentry"],"_links":{"self":[{"href":"http:\/\/heimatverein-wehrstedt.de\/wp\/index.php?rest_route=\/wp\/v2\/pages\/17","targetHints":{"allow":["GET"]}}],"collection":[{"href":"http:\/\/heimatverein-wehrstedt.de\/wp\/index.php?rest_route=\/wp\/v2\/pages"}],"about":[{"href":"http:\/\/heimatverein-wehrstedt.de\/wp\/index.php?rest_route=\/wp\/v2\/types\/page"}],"author":[{"embeddable":true,"href":"http:\/\/heimatverein-wehrstedt.de\/wp\/index.php?rest_route=\/wp\/v2\/users\/1"}],"replies":[{"embeddable":true,"href":"http:\/\/heimatverein-wehrstedt.de\/wp\/index.php?rest_route=%2Fwp%2Fv2%2Fcomments&post=17"}],"version-history":[{"count":1,"href":"http:\/\/heimatverein-wehrstedt.de\/wp\/index.php?rest_route=\/wp\/v2\/pages\/17\/revisions"}],"predecessor-version":[{"id":32,"href":"http:\/\/heimatverein-wehrstedt.de\/wp\/index.php?rest_route=\/wp\/v2\/pages\/17\/revisions\/32"}],"up":[{"embeddable":true,"href":"http:\/\/heimatverein-wehrstedt.de\/wp\/index.php?rest_route=\/wp\/v2\/pages\/29"}],"wp:attachment":[{"href":"http:\/\/heimatverein-wehrstedt.de\/wp\/index.php?rest_route=%2Fwp%2Fv2%2Fmedia&parent=17"}],"curies":[{"name":"wp","href":"https:\/\/api.w.org\/{rel}","templated":true}]}}